{"id":159,"date":"2019-04-16T10:39:12","date_gmt":"2019-04-16T15:39:12","guid":{"rendered":"https:\/\/www.amdar.com.co\/sitio\/?post_type=product&#038;p=159"},"modified":"2019-04-16T13:59:54","modified_gmt":"2019-04-16T18:59:54","slug":"gelatina-blanca-x-400-gr-manchis","status":"publish","type":"product","link":"https:\/\/www.amdar.com.co\/sitio\/producto\/gelatina-blanca-x-400-gr-manchis\/","title":{"rendered":"Gelatina Blanca X 400 Gr Manchis"},"content":{"rendered":"<p>La gelatina es un producto \u00a0tradicional y t\u00edpico. Este dulce o manjar se fabrica de manera natural con la gelatina que queda despu\u00e9s de la cocci\u00f3n prolongada de la pata de res. A este caldo lleno de col\u00e1geno en Colombia \u00a0y pa\u00edses adyacentes.<\/p>\n","protected":false},"excerpt":{"rendered":"<ul>\n<li>Gelatina Tradicional Colombiana<\/li>\n<li>Fuente de prote\u00edna<\/li>\n<li>Relleno de panela, canela, F\u00e9cula de ma\u00edz<\/li>\n<\/ul>\n","protected":false},"featured_media":167,"comment_status":"open","ping_status":"closed","template":"","meta":{"_et_pb_use_builder":"","_et_pb_old_content":"","_et_gb_content_width":""},"_links":{"self":[{"href":"https:\/\/www.amdar.com.co\/sitio\/wp-json\/wp\/v2\/product\/159"}],"collection":[{"href":"https:\/\/www.amdar.com.co\/sitio\/wp-json\/wp\/v2\/product"}],"about":[{"href":"https:\/\/www.amdar.com.co\/sitio\/wp-json\/wp\/v2\/types\/product"}],"replies":[{"embeddable":true,"href":"https:\/\/www.amdar.com.co\/sitio\/wp-json\/wp\/v2\/comments?post=159"}],"wp:featuredmedia":[{"embeddable":true,"href":"https:\/\/www.amdar.com.co\/sitio\/wp-json\/wp\/v2\/media\/167"}],"wp:attachment":[{"href":"https:\/\/www.amdar.com.co\/sitio\/wp-json\/wp\/v2\/media?parent=159"}],"curies":[{"name":"wp","href":"https:\/\/api.w.org\/{rel}","templated":true}]}}