{"id":10698,"date":"2021-03-27T17:22:22","date_gmt":"2021-03-27T22:22:22","guid":{"rendered":"https:\/\/www.amdar.com.co\/sitio\/?page_id=10698"},"modified":"2021-03-27T20:22:45","modified_gmt":"2021-03-28T01:22:45","slug":"informes-ano-2020","status":"publish","type":"page","link":"https:\/\/www.amdar.com.co\/sitio\/informes-ano-2020\/","title":{"rendered":"INFORMES A\u00d1O 2020"},"content":{"rendered":"<p>[et_pb_section fb_built=\u00bb1&#8243; _builder_version=\u00bb4.3.4&#8243;][et_pb_row column_structure=\u00bb1_2,1_2&#8243; _builder_version=\u00bb3.25&#8243;][et_pb_column type=\u00bb1_2&#8243; _builder_version=\u00bb3.25&#8243; custom_padding=\u00bb|||\u00bb custom_padding__hover=\u00bb|||\u00bb][et_pb_code _builder_version=\u00bb4.3.4&#8243; custom_padding=\u00bb|0px||||\u00bb]<\/p>\n<h1>INFORME DE GESTI\u00d3N DE LA DIRECCI\u00d3N EJECUTIVA A\u00d1O 2020<\/h1>\n<p><!-- [et_pb_line_break_holder] --><iframe loading=\"lazy\" class=\"pdfjs-viewer\" width=\"800px\" height=\"480px\" src=\"https:\/\/www.amdar.com.co\/sitio\/wp-content\/plugins\/pdf-viewer\/stable\/web\/viewer.html?file=https:\/\/www.amdar.com.co\/sitio\/wp-content\/uploads\/2021\/03\/INFORME-DE-GESTION-2020-AMDAR-DIRECTOR-EJECUTIVO-3.pdf\"><\/iframe> <!-- [et_pb_line_break_holder] -->[\/et_pb_code][et_pb_code _builder_version=\u00bb4.3.4&#8243;]<\/p>\n<h1>CERTIFICADO ART\u00cdCULO 364-5 E.T.<\/h1>\n<p><!-- [et_pb_line_break_holder] --><iframe loading=\"lazy\" class=\"pdfjs-viewer\" width=\"800px\" height=\"480px\" src=\"https:\/\/www.amdar.com.co\/sitio\/wp-content\/plugins\/pdf-viewer\/stable\/web\/viewer.html?file=https:\/\/www.amdar.com.co\/sitio\/wp-content\/uploads\/2021\/03\/2CERTIFICACION-ARTICULO-364-5-ET.pdf\"><\/iframe> <!-- [et_pb_line_break_holder] -->[\/et_pb_code][\/et_pb_column][et_pb_column type=\u00bb1_2&#8243; _builder_version=\u00bb3.25&#8243; custom_padding=\u00bb|||\u00bb custom_padding__hover=\u00bb|||\u00bb][et_pb_code _builder_version=\u00bb4.3.4&#8243; custom_margin=\u00bb||33px|||\u00bb custom_padding=\u00bb|13px||||\u00bb]<\/p>\n<h1>DICTAMEN AMDAR 2020<\/h1>\n<p><!-- [et_pb_line_break_holder] --><iframe loading=\"lazy\" class=\"pdfjs-viewer\" width=\"800px\" height=\"480px\" src=\"https:\/\/www.amdar.com.co\/sitio\/wp-content\/plugins\/pdf-viewer\/stable\/web\/viewer.html?file=https:\/\/www.amdar.com.co\/sitio\/wp-content\/uploads\/2021\/03\/dictamenASOCIACION-MUTUAL-2020.pdf\"><\/iframe> [\/et_pb_code][et_pb_code _builder_version=\u00bb4.3.4&#8243; custom_margin=\u00bb||29px|||\u00bb]<\/p>\n<h1>CERTIFICACI\u00d3N REMUNERACI\u00d3N 2020<\/h1>\n<p><!-- [et_pb_line_break_holder] --><iframe loading=\"lazy\" class=\"pdfjs-viewer\" width=\"800px\" height=\"480px\" src=\"https:\/\/www.amdar.com.co\/sitio\/wp-content\/plugins\/pdf-viewer\/stable\/web\/viewer.html?file=https:\/\/www.amdar.com.co\/sitio\/wp-content\/uploads\/2021\/03\/1CERTIFICACION-REMUNERACION-2020.pdf\"><\/iframe> <!-- [et_pb_line_break_holder] -->[\/et_pb_code][et_pb_code _builder_version=\u00bb4.3.4&#8243;]<\/p>\n<h1>ACTA DE CONSTITUCI\u00d3N DE AMDAR<\/h1>\n<p>\u00a0<!-- [et_pb_line_break_holder] --><iframe loading=\"lazy\" class=\"pdfjs-viewer\" width=\"800px\" height=\"480px\" src=\"https:\/\/www.amdar.com.co\/sitio\/wp-content\/plugins\/pdf-viewer\/stable\/web\/viewer.html?file=https:\/\/www.amdar.com.co\/sitio\/wp-content\/uploads\/2020\/06\/Acta.pdf\"><\/iframe> \u00a0[\/et_pb_code][\/et_pb_column][\/et_pb_row][et_pb_row column_structure=\u00bb1_2,1_2&#8243; _builder_version=\u00bb3.25&#8243; locked=\u00bboff\u00bb][et_pb_column type=\u00bb1_2&#8243; _builder_version=\u00bb3.25&#8243; custom_padding=\u00bb|||\u00bb custom_padding__hover=\u00bb|||\u00bb][et_pb_code _builder_version=\u00bb4.3.4&#8243;]<\/p>\n<h1>Certificado Representaci\u00f3n Legal 2021<\/h1>\n<p><!-- [et_pb_line_break_holder] --><iframe loading=\"lazy\" class=\"pdfjs-viewer\" width=\"800px\" height=\"480px\" src=\"https:\/\/www.amdar.com.co\/sitio\/wp-content\/plugins\/pdf-viewer\/stable\/web\/viewer.html?file=https:\/\/www.amdar.com.co\/sitio\/wp-content\/uploads\/2021\/03\/DescargarCertificadoElectronico-MARZO-2021.pdf\"><\/iframe> <!-- [et_pb_line_break_holder] -->[\/et_pb_code][et_pb_code _builder_version=\u00bb4.3.4&#8243;]<\/p>\n<h1>Acta No. 11 Asamblea Ordinaria Marzo 21 2021<\/h1>\n<p><!-- [et_pb_line_break_holder] --><iframe loading=\"lazy\" class=\"pdfjs-viewer\" width=\"800px\" height=\"480px\" src=\"https:\/\/www.amdar.com.co\/sitio\/wp-content\/plugins\/pdf-viewer\/stable\/web\/viewer.html?file=https:\/\/www.amdar.com.co\/sitio\/wp-content\/uploads\/2021\/03\/ACTA-11-ASAMBLEA-ORDINARIA-AMDAR-2021.pdf\"><\/iframe> <!-- [et_pb_line_break_holder] -->[\/et_pb_code][et_pb_code _builder_version=\u00bb4.3.4&#8243;]<\/p>\n<h1>INFORME DE GESTION SOCIAL Y ECONOMICO 2020 AMDAR<\/h1>\n<p><!-- [et_pb_line_break_holder] --><iframe loading=\"lazy\" class=\"pdfjs-viewer\" width=\"800px\" height=\"480px\" src=\"https:\/\/www.amdar.com.co\/sitio\/wp-content\/plugins\/pdf-viewer\/stable\/web\/viewer.html?file=https:\/\/www.amdar.com.co\/sitio\/wp-content\/uploads\/2021\/03\/INFORME-DE-GESTION-ANO-2020-DE-AMDAR-COMPLETO.pdf\"><\/iframe> <!-- [et_pb_line_break_holder] -->[\/et_pb_code][\/et_pb_column][et_pb_column type=\u00bb1_2&#8243; _builder_version=\u00bb3.25&#8243; custom_padding=\u00bb|||\u00bb custom_padding__hover=\u00bb|||\u00bb][et_pb_code _builder_version=\u00bb4.3.4&#8243; custom_margin=\u00bb||33px|||\u00bb custom_padding=\u00bb|13px||||\u00bb]<\/p>\n<h1>Certificados Disciplinarios de Administradores de Amdar 2021<\/h1>\n<p><!-- [et_pb_line_break_holder] --><iframe loading=\"lazy\" class=\"pdfjs-viewer\" width=\"800px\" height=\"480px\" src=\"https:\/\/www.amdar.com.co\/sitio\/wp-content\/plugins\/pdf-viewer\/stable\/web\/viewer.html?file=https:\/\/www.amdar.com.co\/sitio\/wp-content\/uploads\/2020\/03\/Certificados-Disciplinarios-de-Administradores-de-Amdar-2020.pdf\"><\/iframe> [\/et_pb_code][et_pb_code _builder_version=\u00bb4.3.4&#8243; custom_margin=\u00bb||29px|||\u00bb]<\/p>\n<h1>Estados financieros AMDAR 2020<\/h1>\n<p><!-- [et_pb_line_break_holder] --><iframe loading=\"lazy\" class=\"pdfjs-viewer\" width=\"800px\" height=\"480px\" src=\"https:\/\/www.amdar.com.co\/sitio\/wp-content\/plugins\/pdf-viewer\/stable\/web\/viewer.html?file=https:\/\/www.amdar.com.co\/sitio\/wp-content\/uploads\/2021\/03\/ESTADOS-FROS-DIC-2020-Y-DICTAMEN.pdf.pdf\"><\/iframe> <!-- [et_pb_line_break_holder] -->[\/et_pb_code][et_pb_code _builder_version=\u00bb4.3.4&#8243;]<\/p>\n<h1>CERTIFICACI\u00d3N DE ANTECEDENTES DISCIPLINARIOS DE ADMINISTRADORES DE AMDAR<\/h1>\n<p>\u00a0<!-- [et_pb_line_break_holder] --><iframe loading=\"lazy\" class=\"pdfjs-viewer\" width=\"800px\" height=\"480px\" src=\"https:\/\/www.amdar.com.co\/sitio\/wp-content\/plugins\/pdf-viewer\/stable\/web\/viewer.html?file=https:\/\/www.amdar.com.co\/sitio\/wp-content\/uploads\/2021\/03\/CERTIFICACION-ANTECEDENTES-2020.pdf.pdf\"><\/iframe> \u00a0[\/et_pb_code][\/et_pb_column][\/et_pb_row][\/et_pb_section]<\/p>\n","protected":false},"excerpt":{"rendered":"<p>INFORME DE GESTI\u00d3N DE LA DIRECCI\u00d3N EJECUTIVA A\u00d1O 2020<iframe class=\"pdfjs-viewer\" width=\"800px\" height=\"480px\" src=\"https:\/\/www.amdar.com.co\/sitio\/wp-content\/plugins\/pdf-viewer\/stable\/web\/viewer.html?file=https:\/\/www.amdar.com.co\/sitio\/wp-content\/uploads\/2021\/03\/INFORME-DE-GESTION-2020-AMDAR-DIRECTOR-EJECUTIVO-3.pdf\"><\/iframe> CERTIFICADO ART\u00cdCULO 364-5 E.T.<iframe class=\"pdfjs-viewer\" width=\"800px\" height=\"480px\" src=\"https:\/\/www.amdar.com.co\/sitio\/wp-content\/plugins\/pdf-viewer\/stable\/web\/viewer.html?file=https:\/\/www.amdar.com.co\/sitio\/wp-content\/uploads\/2021\/03\/2CERTIFICACION-ARTICULO-364-5-ET.pdf\"><\/iframe> DICTAMEN AMDAR 2020<iframe class=\"pdfjs-viewer\" width=\"800px\" height=\"480px\" src=\"https:\/\/www.amdar.com.co\/sitio\/wp-content\/plugins\/pdf-viewer\/stable\/web\/viewer.html?file=https:\/\/www.amdar.com.co\/sitio\/wp-content\/uploads\/2021\/03\/dictamenASOCIACION-MUTUAL-2020.pdf\"><\/iframe> CERTIFICACI\u00d3N REMUNERACI\u00d3N 2020<iframe class=\"pdfjs-viewer\" width=\"800px\" height=\"480px\" src=\"https:\/\/www.amdar.com.co\/sitio\/wp-content\/plugins\/pdf-viewer\/stable\/web\/viewer.html?file=https:\/\/www.amdar.com.co\/sitio\/wp-content\/uploads\/2021\/03\/1CERTIFICACION-REMUNERACION-2020.pdf\"><\/iframe> ACTA DE CONSTITUCI\u00d3N DE AMDAR\u00a0<iframe class=\"pdfjs-viewer\" width=\"800px\" height=\"480px\" src=\"https:\/\/www.amdar.com.co\/sitio\/wp-content\/plugins\/pdf-viewer\/stable\/web\/viewer.html?file=https:\/\/www.amdar.com.co\/sitio\/wp-content\/uploads\/2020\/06\/Acta.pdf\"><\/iframe> \u00a0Certificado Representaci\u00f3n Legal 2021<iframe class=\"pdfjs-viewer\" width=\"800px\" height=\"480px\" src=\"https:\/\/www.amdar.com.co\/sitio\/wp-content\/plugins\/pdf-viewer\/stable\/web\/viewer.html?file=https:\/\/www.amdar.com.co\/sitio\/wp-content\/uploads\/2021\/03\/DescargarCertificadoElectronico-MARZO-2021.pdf\"><\/iframe> Acta No. 11 Asamblea Ordinaria Marzo 21 2021<iframe class=\"pdfjs-viewer\" width=\"800px\" height=\"480px\" src=\"https:\/\/www.amdar.com.co\/sitio\/wp-content\/plugins\/pdf-viewer\/stable\/web\/viewer.html?file=https:\/\/www.amdar.com.co\/sitio\/wp-content\/uploads\/2021\/03\/ACTA-11-ASAMBLEA-ORDINARIA-AMDAR-2021.pdf\"><\/iframe> INFORME DE GESTION SOCIAL Y [&hellip;]<\/p>\n","protected":false},"author":6,"featured_media":0,"parent":0,"menu_order":0,"comment_status":"closed","ping_status":"closed","template":"","meta":{"_et_pb_use_builder":"on","_et_pb_old_content":"","_et_gb_content_width":""},"_links":{"self":[{"href":"https:\/\/www.amdar.com.co\/sitio\/wp-json\/wp\/v2\/pages\/10698"}],"collection":[{"href":"https:\/\/www.amdar.com.co\/sitio\/wp-json\/wp\/v2\/pages"}],"about":[{"href":"https:\/\/www.amdar.com.co\/sitio\/wp-json\/wp\/v2\/types\/page"}],"author":[{"embeddable":true,"href":"https:\/\/www.amdar.com.co\/sitio\/wp-json\/wp\/v2\/users\/6"}],"replies":[{"embeddable":true,"href":"https:\/\/www.amdar.com.co\/sitio\/wp-json\/wp\/v2\/comments?post=10698"}],"version-history":[{"count":9,"href":"https:\/\/www.amdar.com.co\/sitio\/wp-json\/wp\/v2\/pages\/10698\/revisions"}],"predecessor-version":[{"id":10982,"href":"https:\/\/www.amdar.com.co\/sitio\/wp-json\/wp\/v2\/pages\/10698\/revisions\/10982"}],"wp:attachment":[{"href":"https:\/\/www.amdar.com.co\/sitio\/wp-json\/wp\/v2\/media?parent=10698"}],"curies":[{"name":"wp","href":"https:\/\/api.w.org\/{rel}","templated":true}]}}